{"id":152,"date":"2016-04-04T20:53:49","date_gmt":"2016-04-04T18:53:49","guid":{"rendered":"http:\/\/www.eye-mobile.com\/?page_id=152"},"modified":"2017-07-28T22:17:21","modified_gmt":"2017-07-28T20:17:21","slug":"roaming","status":"publish","type":"page","link":"https:\/\/www.eye-mobile.com\/?page_id=152","title":{"rendered":"Roaming"},"content":{"rendered":"<p style=\"text-align: left;\">Zorgeloos bellen, sms\u2019en en surfen binnen de Europese Unie<br \/>\nEye Mobile klanten genieten van sterk verlaagde roamingtarieven binnen de Europese Unie.<br \/>\nMet Eye Mobile betaal je vanaf 30 april 2016 aanzienlijk minder om te bellen, sms\u2019en en surfen op het mobiele internet binnen de Europese Unie.<br \/>\nDankzij de sterk verlaagde roamingtarieven kan je overal in de Europese Unie zorgeloos bellen, sms\u2019en en surfen op het mobiel internet. Je hoeft niet langer je dataroaming uit te zetten op je gsm wanneer je in Europa bent om hoge kosten te vermijden. Met United Telecom surf, bel en sms je in de Europse Unie zonder zorgen.<br \/>\nDe nieuwe roamingtarieven zijn van toepassing op volgende landen binnen de EU<br \/>\nA\u030aland eilanden (Finland), Bulgarije, Cyprus, Denemarken, Duitsland, Estland, Finland, Frankrijk, Frans Guyana, Gibraltar, Griekenland, (Franse Antillen),Guadeloupe (Franse Antillen), Hongarije, IJsland, Ierland, Itali\u00eb, Kroati\u00eb, Letland, Liechtenstein, Litouwen, Luxemburg, Malta, Martinique (Franse Antillen), Nederland, Noorwegen, Oostenrijk, Polen, Portugal, R\u00e9union (La), Romeni\u00eb, Saint-Barthelemy (Frans West Indies), Sint Maarten (Franse Antillen), Slovakije, Sloveni\u00eb, Spanje, Tsjechi\u00eb, Verenigd Koninkrijk, Zweden.<br \/>\nWaarschuwing: Andorra, de eilanden Guernsey, Faer\u00f6er, Jersey en Man, evenals San Marino en Zwitserland zijn niet van toepassing: de tarieven buiten de Europese Unie zijn daar van toepassing.<br \/>\nNieuwe roaming tarieven vanaf 30\/04\/2016<br \/>\nVoor particuliere klanten met een abonnement \u201cEye Dea\u201d<br \/>\nPrijs incl. BTW<br \/>\nUitgaand gesprek<br \/>\n0,2005 euro per min<br \/>\nInkomend gesprek<br \/>\n0,0138 euro per min<br \/>\nVerzonden sms<br \/>\n0,0726 euro per sms<br \/>\nMobiele data<br \/>\n0,2005 euro per MB<br \/>\nVoor zakelijke klanten met een abonnement<br \/>\nPrijs excl. BTW<br \/>\nGold<br \/>\nPlatinum<br \/>\nDiamond<br \/>\nUitgaand gesprek<br \/>\n0,13 euro per min<br \/>\n0,12 euro per min<br \/>\n0,11 euro per min<br \/>\nInkomend gesprek<br \/>\n0,0114 euro per min<br \/>\n0,0114 euro per min<br \/>\n0,0114 euro per min<br \/>\nVerzonden sms<br \/>\n0,06 euro per sms<br \/>\n0,06 euro per sms<br \/>\n0,06 euro per sms<br \/>\nMobiele data<br \/>\n0,13 euro per min<br \/>\n0,12 euro per min<br \/>\n0,11 euro per min<br \/>\nVoor klanten met een abonnement<br \/>\nPrijs incl. BTW<br \/>\nUitgaand gesprek<br \/>\n0,2005 euro per min<br \/>\nInkomend gesprek<br \/>\n0,0138 euro per min<br \/>\nVerzonden sms<br \/>\n0,0726 euro per sms<br \/>\nMobiele data<br \/>\n0,2420 euro per MB<br \/>\nVoor prepaid klanten<br \/>\nPrijs incl. BTW<br \/>\nUitgaand gesprek<br \/>\n0,2299 euro per min<br \/>\nInkomend gesprek<br \/>\n0,0138 euro per min<br \/>\nVerzonden sms<br \/>\n0,0726 euro per sms<br \/>\nMobiele data<br \/>\n0,2420 euro per MB<\/p>\n<p>De roaming voorwaarden in de Europese Gemeenschap (EU) Vanaf 30.04.2016 (voor het basistarief Roaming EU) tot 14.06.2017<\/p>\n<p>Vanaf 30.03.2016 (voor het gebruik van de bundels in EU) tot 14.06.2017 Gebruik van Eye Bundels in EU \u2013 BTW in van 30.03.2016 tot 14.06.2017 .Het gebruik van de Eye Bundels in EU is mogelijk (oproepen, sms en internet verbruik) De verbruikskosten worden in mindering gebracht van uw bundel in de EU Bundel, Bundel Eye Dea, Bundel Eye Am, Bundel Eye Am To, Bundel Eye Cee en Bundel Eye Big. Oproepen vanuit de EU landen naar EU) 0,110 \u20ac\/min. 0,085 \u20ac\/ min. 0,0822 \u20ac\/ min. 0,0733 \u20ac\/ min. 0,060 \u20ac\/ min. Oproepen ontvangen in EU) landen 0,0138 \u20ac\/ min. 0,0138 \u20ac\/ min. 0,0138 \u20ac\/ min. 0,0138 \u20ac\/ min. 0,0138 \u20ac\/ min. Versturen van sms\u2019en vanuit EU landen naar EU 0,0700 \u20ac\/SMS 0,0492 \u20ac\/SMS 0,0464 \u20ac\/SMS 0,038 \u20ac\/SMS 0,0242 \u20ac\/SMS Inkomende sms\u2019en in de EU landen Gratis. Internet dataverbruik in de landen van EU 0,1100 \u20ac\/MB 0,0850 \u20ac\/MB 0,0822 \u20ac\/MB 0,073 \u20ac\/MB 0,060 \u20ac\/MB Basistarief Roaming EU \u2013 BTW In van 30.04.2016 tot 14.06.2017 . U gebruikt binnen de Europese gemeenschap het basistarief voor Roaming in EU (zie hieronder) De prijzen per minuut\/sms\/MB worden verminderd van uw belkrediet. Oproepen vanuit de EU landen naar EU) 0,19 \u20ac\/min. Oproepen ontvangen in EU) landen 0,0138 \u20ac\/min. Versturen van sms\u2019en vanuit EU landen naar EU 0,0692 \u20ac\/SMS Inkomende sms\u2019en in de EU landen Gratis Internet dataverbruik in de landen van EU 0,24 \u20ac\/MB 1) We factureren per seconde na de eerste 30 seconden. Gebruik van de Bundels in EU \u2013 BTW in. Van 30.03.2016 tot 14.06.2017 Voorbeeld U hebt een SMS S bundel aangekocht (=200 SMS voor 2\u20ac) en u hebt vanuit Spanje 10 sms\u2019en verstuurd naar een vriend. Deze zullen u als volgt aangerekend worden: 10 SMS x 0,024 \u20ac = 0,24 \u20ac &#8211; U houdt nog 190 sms\u2019en over in uw bundel &#8211; 0,24\u20ac worden van uw belkrediet weerhouden Eenmaal de bundel volledig opgebruikt is, of dat de geldigheid van uw bundel verstreken is dan kan u verder bellen en sms\u2019en aan de EU basistarief: 0,19 \u20ac\/min. voor de oproepen gegeven vanuit en naar EU) , 0,0138 \u20ac\/min. voor oproepen ontvangen in de EU) , 0,0692 \u20ac\/SMS voor het verzenden van sms\u2019en van ne naar landen van de EU, 0,24 \u20ac\/MB voor een internet verbinding vanuit de lande, van de EU. Het ontvangen van sms\u2019en in EU is steeds gratis. U kan natuurlijk ook rechtstreeks een nieuw bundel activeren zelfs indien u zich in het buitenland bevindt. Zorg ervoor dat over genoeg belwaarde beschikt.) We factureren per seconde na de eerste 30 seconden.<\/p>\n<p>Zone EU: Andorra, Azoren, Bulgarije, Canarische Eilanden, Cyprus, Denemarken, Duitsland, Estland, Finland, Frankrijk, Frans-Guyana, Gibraltar, Griekenland, Guadeloupe (Franse Antillen), Hongarije, Ierland, IJsland, Itali\u00eb, Kroati\u00eb, Letland, Liechtenstein, Litouwen, Luxemburg, Madeira, Malta, Martinique (Franse Antillen), Noorwegen, Nederland, Oostenrijk, Polen, Portugal, R\u00e9union, Roemeni\u00eb, Sint-Maarten (Franse Antillen), Slovakije, Sloveni\u00eb, Spanje, Tsjechische Republiek, het Verenigd Koninkrijk, Zweden, Zwitserland. Opmerkingen: \u00a0Graag uw aandacht op het feit dat sommige applicaties op uw smartphone automatisch verbinding maken met het internet en dus data verkeer kunnen veroorzaken. Hierdoor kunnen er onverwachts extra kosten opduiken. U kunt het gebruik van internet in het buitenland deactiveren in de instellingen van uw smartphone.<\/p>\n<p>De oproepen naar 1996 of +32486191996 vanuit de EU landen zijn gratis<\/p>\n","protected":false},"excerpt":{"rendered":"<p>Zorgeloos bellen, sms\u2019en en surfen binnen de Europese Unie Eye Mobile klanten genieten van sterk verlaagde roamingtarieven binnen de Europese Unie. Met Eye Mobile betaal je vanaf 30 april 2016 aanzienlijk minder om te bellen, sms\u2019en en surfen op het mobiele internet binnen de Europese Unie. Dankzij de sterk verlaagde roamingtarieven kan je overal in &hellip; <\/p>\n<p class=\"link-more\"><a href=\"https:\/\/www.eye-mobile.com\/?page_id=152\" class=\"more-link\">Read More<span class=\"screen-reader-text\"> &#8220;Roaming&#8221;<\/span><\/a><\/p>\n","protected":false},"author":1,"featured_media":0,"parent":0,"menu_order":0,"comment_status":"closed","ping_status":"closed","template":"","meta":[],"_links":{"self":[{"href":"https:\/\/www.eye-mobile.com\/index.php?rest_route=\/wp\/v2\/pages\/152"}],"collection":[{"href":"https:\/\/www.eye-mobile.com\/index.php?rest_route=\/wp\/v2\/pages"}],"about":[{"href":"https:\/\/www.eye-mobile.com\/index.php?rest_route=\/wp\/v2\/types\/page"}],"author":[{"embeddable":true,"href":"https:\/\/www.eye-mobile.com\/index.php?rest_route=\/wp\/v2\/users\/1"}],"replies":[{"embeddable":true,"href":"https:\/\/www.eye-mobile.com\/index.php?rest_route=%2Fwp%2Fv2%2Fcomments&post=152"}],"version-history":[{"count":4,"href":"https:\/\/www.eye-mobile.com\/index.php?rest_route=\/wp\/v2\/pages\/152\/revisions"}],"predecessor-version":[{"id":176,"href":"https:\/\/www.eye-mobile.com\/index.php?rest_route=\/wp\/v2\/pages\/152\/revisions\/176"}],"wp:attachment":[{"href":"https:\/\/www.eye-mobile.com\/index.php?rest_route=%2Fwp%2Fv2%2Fmedia&parent=152"}],"curies":[{"name":"wp","href":"https:\/\/api.w.org\/{rel}","templated":true}]}}